{"id":255,"date":"2024-02-06T11:55:11","date_gmt":"2024-02-06T11:55:11","guid":{"rendered":"http:\/\/masklube.es\/?page_id=255"},"modified":"2024-02-06T12:32:45","modified_gmt":"2024-02-06T12:32:45","slug":"ravenol","status":"publish","type":"page","link":"https:\/\/masklube.es\/index.php\/ravenol\/","title":{"rendered":"Ravenol"},"content":{"rendered":"\t\t<div data-elementor-type=\"wp-page\" data-elementor-id=\"255\" class=\"elementor elementor-255\">\n\t\t\t\t<div class=\"elementor-element elementor-element-b9f7b5c e-flex e-con-boxed e-con e-parent\" data-id=\"b9f7b5c\" data-element_type=\"container\" data-e-type=\"container\">\n\t\t\t\t\t<div class=\"e-con-inner\">\n\t\t<div class=\"elementor-element elementor-element-c63d29b e-con-full e-flex e-con e-child\" data-id=\"c63d29b\" data-element_type=\"container\" data-e-type=\"container\">\n\t\t\t\t<div class=\"elementor-element elementor-element-ea399c7 elementor-widget elementor-widget-image\" data-id=\"ea399c7\" data-element_type=\"widget\" data-e-type=\"widget\" data-widget_type=\"image.default\">\n\t\t\t\t<div class=\"elementor-widget-container\">\n\t\t\t\t\t\t\t\t\t\t\t\t\t\t\t<img fetchpriority=\"high\" decoding=\"async\" width=\"1024\" height=\"724\" src=\"https:\/\/masklube.es\/wp-content\/uploads\/2024\/02\/thumb__1200_0_0_0_crop-1024x724.jpg\" class=\"attachment-large size-large wp-image-258\" alt=\"\" srcset=\"https:\/\/masklube.es\/wp-content\/uploads\/2024\/02\/thumb__1200_0_0_0_crop-1024x724.jpg 1024w, https:\/\/masklube.es\/wp-content\/uploads\/2024\/02\/thumb__1200_0_0_0_crop-300x212.jpg 300w, https:\/\/masklube.es\/wp-content\/uploads\/2024\/02\/thumb__1200_0_0_0_crop-768x543.jpg 768w, https:\/\/masklube.es\/wp-content\/uploads\/2024\/02\/thumb__1200_0_0_0_crop-1000x707.jpg 1000w, https:\/\/masklube.es\/wp-content\/uploads\/2024\/02\/thumb__1200_0_0_0_crop-230x163.jpg 230w, https:\/\/masklube.es\/wp-content\/uploads\/2024\/02\/thumb__1200_0_0_0_crop-350x247.jpg 350w, https:\/\/masklube.es\/wp-content\/uploads\/2024\/02\/thumb__1200_0_0_0_crop-480x339.jpg 480w, https:\/\/masklube.es\/wp-content\/uploads\/2024\/02\/thumb__1200_0_0_0_crop.jpg 1200w\" sizes=\"(max-width: 1024px) 100vw, 1024px\" \/>\t\t\t\t\t\t\t\t\t\t\t\t\t\t\t<\/div>\n\t\t\t\t<\/div>\n\t\t\t\t<\/div>\n\t\t<div class=\"elementor-element elementor-element-f8028b0 e-con-full e-flex e-con e-child\" data-id=\"f8028b0\" data-element_type=\"container\" data-e-type=\"container\">\n\t\t\t\t<div class=\"elementor-element elementor-element-aedfa4b elementor-widget elementor-widget-text-editor\" data-id=\"aedfa4b\" data-element_type=\"widget\" data-e-type=\"widget\" data-widget_type=\"text-editor.default\">\n\t\t\t\t<div class=\"elementor-widget-container\">\n\t\t\t\t\t\t\t\t\t<h6 style=\"text-align: left;\">Ofrecemos una amplia gama de lubricantes RAVENOL, incluidos aceites para motores de autom\u00f3viles y camiones, aceites de carreras, aceites para engranajes para transmisiones autom\u00e1ticas, manuales y ejes motrices, as\u00ed como productos para maquinaria agr\u00edcola y lubricantes de alto rendimiento.<\/h6><h6>Para cualquier aclaraci\u00f3n o duda en lo referente a las especificaciones t\u00e9cnicas y homologaciones pinche en el siguiente enlace.<\/h6><h6><a href=\"https:\/\/oilguide.ravenol.de\/\">https:\/\/oilguide.ravenol.de\/<\/a><\/h6><h6>\u00a0<\/h6>\t\t\t\t\t\t\t\t<\/div>\n\t\t\t\t<\/div>\n\t\t\t\t<\/div>\n\t\t\t\t\t<\/div>\n\t\t\t\t<\/div>\n\t\t<div class=\"elementor-element elementor-element-b5a492b e-flex e-con-boxed e-con e-parent\" data-id=\"b5a492b\" data-element_type=\"container\" data-e-type=\"container\">\n\t\t\t\t\t<div class=\"e-con-inner\">\n\t\t\t\t<div class=\"elementor-element elementor-element-55174af elementor-widget elementor-widget-text-editor\" data-id=\"55174af\" data-element_type=\"widget\" data-e-type=\"widget\" data-widget_type=\"text-editor.default\">\n\t\t\t\t<div class=\"elementor-widget-container\">\n\t\t\t\t\t\t\t\t\t<h5 style=\"text-align: center;\"><strong>RAVENOL\u00a0 desarrolla, produce y comercializa lubricantes de alta calidad igualmente reconocido en su pa\u00eds y en el mercado internacional<\/strong>.<\/h5>\t\t\t\t\t\t\t\t<\/div>\n\t\t\t\t<\/div>\n\t\t\t\t\t<\/div>\n\t\t\t\t<\/div>\n\t\t<div class=\"elementor-element elementor-element-7ca75d7 e-flex e-con-boxed e-con e-parent\" data-id=\"7ca75d7\" data-element_type=\"container\" data-e-type=\"container\">\n\t\t\t\t\t<div class=\"e-con-inner\">\n\t\t\t\t<div class=\"elementor-element elementor-element-5156ae2 elementor-widget elementor-widget-image\" data-id=\"5156ae2\" data-element_type=\"widget\" data-e-type=\"widget\" data-widget_type=\"image.default\">\n\t\t\t\t<div class=\"elementor-widget-container\">\n\t\t\t\t\t\t\t\t\t\t\t\t\t\t\t<img decoding=\"async\" width=\"1024\" height=\"430\" src=\"https:\/\/masklube.es\/wp-content\/uploads\/2024\/02\/banner-ravenos-espanxxa1-1-1024x430.jpg\" class=\"attachment-large size-large wp-image-260\" alt=\"\" srcset=\"https:\/\/masklube.es\/wp-content\/uploads\/2024\/02\/banner-ravenos-espanxxa1-1-1024x430.jpg 1024w, https:\/\/masklube.es\/wp-content\/uploads\/2024\/02\/banner-ravenos-espanxxa1-1-300x126.jpg 300w, https:\/\/masklube.es\/wp-content\/uploads\/2024\/02\/banner-ravenos-espanxxa1-1-768x323.jpg 768w, https:\/\/masklube.es\/wp-content\/uploads\/2024\/02\/banner-ravenos-espanxxa1-1-1000x420.jpg 1000w, https:\/\/masklube.es\/wp-content\/uploads\/2024\/02\/banner-ravenos-espanxxa1-1-230x97.jpg 230w, https:\/\/masklube.es\/wp-content\/uploads\/2024\/02\/banner-ravenos-espanxxa1-1-350x147.jpg 350w, https:\/\/masklube.es\/wp-content\/uploads\/2024\/02\/banner-ravenos-espanxxa1-1-480x202.jpg 480w, https:\/\/masklube.es\/wp-content\/uploads\/2024\/02\/banner-ravenos-espanxxa1-1.jpg 1500w\" sizes=\"(max-width: 1024px) 100vw, 1024px\" \/>\t\t\t\t\t\t\t\t\t\t\t\t\t\t\t<\/div>\n\t\t\t\t<\/div>\n\t\t\t\t\t<\/div>\n\t\t\t\t<\/div>\n\t\t<div class=\"elementor-element elementor-element-af9537b e-flex e-con-boxed e-con e-parent\" data-id=\"af9537b\" data-element_type=\"container\" data-e-type=\"container\">\n\t\t\t\t\t<div class=\"e-con-inner\">\n\t\t\t\t<div class=\"elementor-element elementor-element-e690741 elementor-widget elementor-widget-text-editor\" data-id=\"e690741\" data-element_type=\"widget\" data-e-type=\"widget\" data-widget_type=\"text-editor.default\">\n\t\t\t\t<div class=\"elementor-widget-container\">\n\t\t\t\t\t\t\t\t\t<h5 style=\"text-align: center;\">RAVENOL en sus laboratorios, desarrollan los productos cuidadosamente para cumplir y superar los requisitos de los principales fabricantes de autom\u00f3viles. El sistema de calidad que tienen garantiza un alto nivel de producto.<\/h5>\t\t\t\t\t\t\t\t<\/div>\n\t\t\t\t<\/div>\n\t\t\t\t\t<\/div>\n\t\t\t\t<\/div>\n\t\t<div class=\"elementor-element elementor-element-f78eb01 e-flex e-con-boxed e-con e-parent\" data-id=\"f78eb01\" data-element_type=\"container\" data-e-type=\"container\">\n\t\t\t\t\t<div class=\"e-con-inner\">\n\t\t\t\t<div class=\"elementor-element elementor-element-aa5deb4 elementor-widget elementor-widget-image\" data-id=\"aa5deb4\" data-element_type=\"widget\" data-e-type=\"widget\" data-widget_type=\"image.default\">\n\t\t\t\t<div class=\"elementor-widget-container\">\n\t\t\t\t\t\t\t\t\t\t\t\t\t\t\t<img decoding=\"async\" width=\"1024\" height=\"430\" src=\"https:\/\/masklube.es\/wp-content\/uploads\/2024\/02\/banner-ravenos-espanxxa2-1024x430.jpg\" class=\"attachment-large size-large wp-image-267\" alt=\"\" srcset=\"https:\/\/masklube.es\/wp-content\/uploads\/2024\/02\/banner-ravenos-espanxxa2-1024x430.jpg 1024w, https:\/\/masklube.es\/wp-content\/uploads\/2024\/02\/banner-ravenos-espanxxa2-300x126.jpg 300w, https:\/\/masklube.es\/wp-content\/uploads\/2024\/02\/banner-ravenos-espanxxa2-768x323.jpg 768w, https:\/\/masklube.es\/wp-content\/uploads\/2024\/02\/banner-ravenos-espanxxa2-1000x420.jpg 1000w, https:\/\/masklube.es\/wp-content\/uploads\/2024\/02\/banner-ravenos-espanxxa2-230x97.jpg 230w, https:\/\/masklube.es\/wp-content\/uploads\/2024\/02\/banner-ravenos-espanxxa2-350x147.jpg 350w, https:\/\/masklube.es\/wp-content\/uploads\/2024\/02\/banner-ravenos-espanxxa2-480x202.jpg 480w, https:\/\/masklube.es\/wp-content\/uploads\/2024\/02\/banner-ravenos-espanxxa2.jpg 1500w\" sizes=\"(max-width: 1024px) 100vw, 1024px\" \/>\t\t\t\t\t\t\t\t\t\t\t\t\t\t\t<\/div>\n\t\t\t\t<\/div>\n\t\t\t\t\t<\/div>\n\t\t\t\t<\/div>\n\t\t\t\t<\/div>\n\t\t","protected":false},"excerpt":{"rendered":"<p>Ofrecemos una amplia gama de lubricantes RAVENOL, incluidos aceites para motores de autom\u00f3viles y camiones, aceites de carreras, aceites para engranajes para [&hellip;]<\/p>\n","protected":false},"author":1,"featured_media":0,"parent":0,"menu_order":0,"comment_status":"closed","ping_status":"closed","template":"","meta":{"footnotes":""},"class_list":["post-255","page","type-page","status-publish","hentry"],"_links":{"self":[{"href":"https:\/\/masklube.es\/index.php\/wp-json\/wp\/v2\/pages\/255","targetHints":{"allow":["GET"]}}],"collection":[{"href":"https:\/\/masklube.es\/index.php\/wp-json\/wp\/v2\/pages"}],"about":[{"href":"https:\/\/masklube.es\/index.php\/wp-json\/wp\/v2\/types\/page"}],"author":[{"embeddable":true,"href":"https:\/\/masklube.es\/index.php\/wp-json\/wp\/v2\/users\/1"}],"replies":[{"embeddable":true,"href":"https:\/\/masklube.es\/index.php\/wp-json\/wp\/v2\/comments?post=255"}],"version-history":[{"count":6,"href":"https:\/\/masklube.es\/index.php\/wp-json\/wp\/v2\/pages\/255\/revisions"}],"predecessor-version":[{"id":270,"href":"https:\/\/masklube.es\/index.php\/wp-json\/wp\/v2\/pages\/255\/revisions\/270"}],"wp:attachment":[{"href":"https:\/\/masklube.es\/index.php\/wp-json\/wp\/v2\/media?parent=255"}],"curies":[{"name":"wp","href":"https:\/\/api.w.org\/{rel}","templated":true}]}}