{"id":191,"date":"2023-11-07T11:38:37","date_gmt":"2023-11-07T11:38:37","guid":{"rendered":"http:\/\/masklube.es\/?page_id=191"},"modified":"2023-11-07T11:55:35","modified_gmt":"2023-11-07T11:55:35","slug":"lubricantes","status":"publish","type":"page","link":"https:\/\/masklube.es\/index.php\/lubricantes\/","title":{"rendered":"Lubricantes"},"content":{"rendered":"\t\t<div data-elementor-type=\"wp-page\" data-elementor-id=\"191\" class=\"elementor elementor-191\">\n\t\t\t\t<div class=\"elementor-element elementor-element-1750e7f e-flex e-con-boxed e-con e-parent\" data-id=\"1750e7f\" data-element_type=\"container\" data-e-type=\"container\">\n\t\t\t\t\t<div class=\"e-con-inner\">\n\t\t<div class=\"elementor-element elementor-element-13d0cf0 e-con-full e-flex e-con e-child\" data-id=\"13d0cf0\" data-element_type=\"container\" data-e-type=\"container\">\n\t\t\t\t<div class=\"elementor-element elementor-element-30e3044 elementor-widget elementor-widget-text-editor\" data-id=\"30e3044\" data-element_type=\"widget\" data-e-type=\"widget\" data-widget_type=\"text-editor.default\">\n\t\t\t\t<div class=\"elementor-widget-container\">\n\t\t\t\t\t\t\t\t\t<h6 style=\"text-align: left;\">Disponemos de toda la gama de lubricantes Q8 oils para tus veh\u00edculos, ya sean ligeros, pesados, maquinaria agr\u00edcola y vial.\u00a0\u00a0<\/h6>\t\t\t\t\t\t\t\t<\/div>\n\t\t\t\t<\/div>\n\t\t\t\t<\/div>\n\t\t<div class=\"elementor-element elementor-element-768204e e-con-full e-flex e-con e-child\" data-id=\"768204e\" data-element_type=\"container\" data-e-type=\"container\">\n\t\t\t\t<div class=\"elementor-element elementor-element-30ab2d3 elementor-widget elementor-widget-image\" data-id=\"30ab2d3\" data-element_type=\"widget\" data-e-type=\"widget\" data-widget_type=\"image.default\">\n\t\t\t\t<div class=\"elementor-widget-container\">\n\t\t\t\t\t\t\t\t\t\t\t\t\t\t\t<img fetchpriority=\"high\" decoding=\"async\" width=\"1024\" height=\"405\" src=\"https:\/\/masklube.es\/wp-content\/uploads\/2023\/10\/Q8-1-1024x405.jpg\" class=\"attachment-large size-large wp-image-59\" alt=\"\" srcset=\"https:\/\/masklube.es\/wp-content\/uploads\/2023\/10\/Q8-1-1024x405.jpg 1024w, https:\/\/masklube.es\/wp-content\/uploads\/2023\/10\/Q8-1-300x119.jpg 300w, https:\/\/masklube.es\/wp-content\/uploads\/2023\/10\/Q8-1-768x303.jpg 768w, https:\/\/masklube.es\/wp-content\/uploads\/2023\/10\/Q8-1-1536x607.jpg 1536w, https:\/\/masklube.es\/wp-content\/uploads\/2023\/10\/Q8-1-1000x395.jpg 1000w, https:\/\/masklube.es\/wp-content\/uploads\/2023\/10\/Q8-1-230x91.jpg 230w, https:\/\/masklube.es\/wp-content\/uploads\/2023\/10\/Q8-1-350x138.jpg 350w, https:\/\/masklube.es\/wp-content\/uploads\/2023\/10\/Q8-1-480x190.jpg 480w, https:\/\/masklube.es\/wp-content\/uploads\/2023\/10\/Q8-1.jpg 2048w\" sizes=\"(max-width: 1024px) 100vw, 1024px\" \/>\t\t\t\t\t\t\t\t\t\t\t\t\t\t\t<\/div>\n\t\t\t\t<\/div>\n\t\t\t\t<\/div>\n\t\t<div class=\"elementor-element elementor-element-2f20909 e-con-full e-flex e-con e-child\" data-id=\"2f20909\" data-element_type=\"container\" data-e-type=\"container\">\n\t\t\t\t<div class=\"elementor-element elementor-element-8e9b178 elementor-widget__width-initial elementor-widget elementor-widget-text-editor\" data-id=\"8e9b178\" data-element_type=\"widget\" data-e-type=\"widget\" data-widget_type=\"text-editor.default\">\n\t\t\t\t<div class=\"elementor-widget-container\">\n\t\t\t\t\t\t\t\t\t<h6 style=\"text-align: left;\">Ante cualquier duda a la hora de elegir su producto, puede consultar las especificaciones t\u00e9cnicas y homologaciones en el siguiente enlace.<\/h6><p><a href=\"https:\/\/www.q8oils.com\/es\/\">https:\/\/www.q8oils.com\/es\/<\/a><\/p>\t\t\t\t\t\t\t\t<\/div>\n\t\t\t\t<\/div>\n\t\t\t\t<\/div>\n\t\t\t\t\t<\/div>\n\t\t\t\t<\/div>\n\t\t<div class=\"elementor-element elementor-element-cb10b27 e-flex e-con-boxed e-con e-parent\" data-id=\"cb10b27\" data-element_type=\"container\" data-e-type=\"container\">\n\t\t\t\t\t<div class=\"e-con-inner\">\n\t\t\t\t<div class=\"elementor-element elementor-element-28a2182 elementor-widget elementor-widget-text-editor\" data-id=\"28a2182\" data-element_type=\"widget\" data-e-type=\"widget\" data-widget_type=\"text-editor.default\">\n\t\t\t\t<div class=\"elementor-widget-container\">\n\t\t\t\t\t\t\t\t\t<h6 style=\"text-align: center;\">Una vez dentro de la p\u00e1gina de Q8oils realice los siguientes pasos, y ah\u00ed podr\u00e1 encontrar el aceite apropiado para su veh\u00edculo:<\/h6><h6 style=\"text-align: center;\">1. Herramientas<\/h6><h6 style=\"text-align: center;\">2. Recomendaci\u00f3n de aceite<\/h6><h6 style=\"text-align: center;\">3. Selecci\u00f3n de veh\u00edculo\u00a0<\/h6>\t\t\t\t\t\t\t\t<\/div>\n\t\t\t\t<\/div>\n\t\t\t\t\t<\/div>\n\t\t\t\t<\/div>\n\t\t<div class=\"elementor-element elementor-element-7d84100 e-flex e-con-boxed e-con e-parent\" data-id=\"7d84100\" data-element_type=\"container\" data-e-type=\"container\">\n\t\t\t\t\t<div class=\"e-con-inner\">\n\t\t\t\t<div class=\"elementor-element elementor-element-a628d7a elementor-widget__width-initial elementor-widget elementor-widget-image\" data-id=\"a628d7a\" data-element_type=\"widget\" data-e-type=\"widget\" data-widget_type=\"image.default\">\n\t\t\t\t<div class=\"elementor-widget-container\">\n\t\t\t\t\t\t\t\t\t\t\t\t\t\t\t<img decoding=\"async\" width=\"795\" height=\"661\" src=\"https:\/\/masklube.es\/wp-content\/uploads\/2023\/10\/Q8-8.png\" class=\"attachment-large size-large wp-image-60\" alt=\"\" srcset=\"https:\/\/masklube.es\/wp-content\/uploads\/2023\/10\/Q8-8.png 795w, https:\/\/masklube.es\/wp-content\/uploads\/2023\/10\/Q8-8-300x249.png 300w, https:\/\/masklube.es\/wp-content\/uploads\/2023\/10\/Q8-8-768x639.png 768w, https:\/\/masklube.es\/wp-content\/uploads\/2023\/10\/Q8-8-230x191.png 230w, https:\/\/masklube.es\/wp-content\/uploads\/2023\/10\/Q8-8-350x291.png 350w, https:\/\/masklube.es\/wp-content\/uploads\/2023\/10\/Q8-8-480x399.png 480w\" sizes=\"(max-width: 795px) 100vw, 795px\" \/>\t\t\t\t\t\t\t\t\t\t\t\t\t\t\t<\/div>\n\t\t\t\t<\/div>\n\t\t\t\t\t<\/div>\n\t\t\t\t<\/div>\n\t\t<div class=\"elementor-element elementor-element-7e57f5e e-flex e-con-boxed e-con e-parent\" data-id=\"7e57f5e\" data-element_type=\"container\" data-e-type=\"container\">\n\t\t\t\t\t<div class=\"e-con-inner\">\n\t\t<div class=\"elementor-element elementor-element-f552451 e-con-full e-flex e-con e-child\" data-id=\"f552451\" data-element_type=\"container\" data-e-type=\"container\">\n\t\t\t\t<div class=\"elementor-element elementor-element-bbdf9f8 elementor-widget elementor-widget-image\" data-id=\"bbdf9f8\" data-element_type=\"widget\" data-e-type=\"widget\" data-widget_type=\"image.default\">\n\t\t\t\t<div class=\"elementor-widget-container\">\n\t\t\t\t\t\t\t\t\t\t\t\t\t\t\t<img decoding=\"async\" width=\"1024\" height=\"846\" src=\"https:\/\/masklube.es\/wp-content\/uploads\/2023\/10\/Q8-3-1024x846.jpg\" class=\"attachment-large size-large wp-image-61\" alt=\"\" srcset=\"https:\/\/masklube.es\/wp-content\/uploads\/2023\/10\/Q8-3-1024x846.jpg 1024w, https:\/\/masklube.es\/wp-content\/uploads\/2023\/10\/Q8-3-300x248.jpg 300w, https:\/\/masklube.es\/wp-content\/uploads\/2023\/10\/Q8-3-768x635.jpg 768w, https:\/\/masklube.es\/wp-content\/uploads\/2023\/10\/Q8-3-1000x826.jpg 1000w, https:\/\/masklube.es\/wp-content\/uploads\/2023\/10\/Q8-3-230x190.jpg 230w, https:\/\/masklube.es\/wp-content\/uploads\/2023\/10\/Q8-3-350x289.jpg 350w, https:\/\/masklube.es\/wp-content\/uploads\/2023\/10\/Q8-3-480x397.jpg 480w, https:\/\/masklube.es\/wp-content\/uploads\/2023\/10\/Q8-3.jpg 1405w\" sizes=\"(max-width: 1024px) 100vw, 1024px\" \/>\t\t\t\t\t\t\t\t\t\t\t\t\t\t\t<\/div>\n\t\t\t\t<\/div>\n\t\t\t\t<\/div>\n\t\t<div class=\"elementor-element elementor-element-8a6bd60 e-con-full e-flex e-con e-child\" data-id=\"8a6bd60\" data-element_type=\"container\" data-e-type=\"container\">\n\t\t\t\t<div class=\"elementor-element elementor-element-1fb5a31 elementor-widget elementor-widget-image\" data-id=\"1fb5a31\" data-element_type=\"widget\" data-e-type=\"widget\" data-widget_type=\"image.default\">\n\t\t\t\t<div class=\"elementor-widget-container\">\n\t\t\t\t\t\t\t\t\t\t\t\t\t\t\t<img loading=\"lazy\" decoding=\"async\" width=\"244\" height=\"379\" src=\"https:\/\/masklube.es\/wp-content\/uploads\/2023\/10\/Q8-7.png\" class=\"attachment-large size-large wp-image-63\" alt=\"\" srcset=\"https:\/\/masklube.es\/wp-content\/uploads\/2023\/10\/Q8-7.png 244w, https:\/\/masklube.es\/wp-content\/uploads\/2023\/10\/Q8-7-193x300.png 193w, https:\/\/masklube.es\/wp-content\/uploads\/2023\/10\/Q8-7-230x357.png 230w\" sizes=\"(max-width: 244px) 100vw, 244px\" \/>\t\t\t\t\t\t\t\t\t\t\t\t\t\t\t<\/div>\n\t\t\t\t<\/div>\n\t\t\t\t<\/div>\n\t\t\t\t\t<\/div>\n\t\t\t\t<\/div>\n\t\t<div class=\"elementor-element elementor-element-35ee9b2 e-flex e-con-boxed e-con e-parent\" data-id=\"35ee9b2\" data-element_type=\"container\" data-e-type=\"container\">\n\t\t\t\t\t<div class=\"e-con-inner\">\n\t\t\t\t<div class=\"elementor-element elementor-element-3eb5666 elementor-widget elementor-widget-text-editor\" data-id=\"3eb5666\" data-element_type=\"widget\" data-e-type=\"widget\" data-widget_type=\"text-editor.default\">\n\t\t\t\t<div class=\"elementor-widget-container\">\n\t\t\t\t\t\t\t\t\t<h6 style=\"text-align: center;\">Tambi\u00e9n tenemos toda la gama de lubricantes SUNOCO en los siguientes formatos 1L, 5L, 20L, 60L, 205L y 1000L, pudiendo con<span style=\"color: var(--sydney-text-color); text-align: var(--text-align);\">sultar sus especificaciones t\u00e9cnicas y homologaciones en su p\u00e1gina web.<\/span><\/h6><p style=\"text-align: center;\"><a href=\"https:\/\/www.sunoilespana.com\/\">https:\/\/www.sunoilespana.com\/<\/a><\/p><h6 style=\"text-align: center;\">Realice las siguientes indicaciones una vez se encuentre dentro de la p\u00e1gina de Sunoco, de esta manera encontrar\u00e1 el aceite indicado para su veh\u00edculo.<\/h6><h6 style=\"text-align: center;\">1. Selector de lubricantes<\/h6><h6 style=\"text-align: center;\">2. B\u00fasqueda por modelo espec\u00edfico\u00a0\u00a0<\/h6>\t\t\t\t\t\t\t\t<\/div>\n\t\t\t\t<\/div>\n\t\t\t\t\t<\/div>\n\t\t\t\t<\/div>\n\t\t<div class=\"elementor-element elementor-element-2aab307 e-flex e-con-boxed e-con e-parent\" data-id=\"2aab307\" data-element_type=\"container\" data-e-type=\"container\">\n\t\t\t\t\t<div class=\"e-con-inner\">\n\t\t<div class=\"elementor-element elementor-element-a81a3ab e-con-full e-flex e-con e-child\" data-id=\"a81a3ab\" data-element_type=\"container\" data-e-type=\"container\">\n\t\t\t\t<div class=\"elementor-element elementor-element-f33e071 elementor-widget elementor-widget-image\" data-id=\"f33e071\" data-element_type=\"widget\" data-e-type=\"widget\" data-widget_type=\"image.default\">\n\t\t\t\t<div class=\"elementor-widget-container\">\n\t\t\t\t\t\t\t\t\t\t\t\t\t\t\t<img loading=\"lazy\" decoding=\"async\" width=\"321\" height=\"436\" src=\"https:\/\/masklube.es\/wp-content\/uploads\/2023\/10\/Sunoco-5.jpg\" class=\"attachment-large size-large wp-image-72\" alt=\"\" srcset=\"https:\/\/masklube.es\/wp-content\/uploads\/2023\/10\/Sunoco-5.jpg 321w, https:\/\/masklube.es\/wp-content\/uploads\/2023\/10\/Sunoco-5-221x300.jpg 221w, https:\/\/masklube.es\/wp-content\/uploads\/2023\/10\/Sunoco-5-230x312.jpg 230w\" sizes=\"(max-width: 321px) 100vw, 321px\" \/>\t\t\t\t\t\t\t\t\t\t\t\t\t\t\t<\/div>\n\t\t\t\t<\/div>\n\t\t\t\t<\/div>\n\t\t<div class=\"elementor-element elementor-element-04542d0 e-con-full e-flex e-con e-child\" data-id=\"04542d0\" data-element_type=\"container\" data-e-type=\"container\">\n\t\t\t\t<div class=\"elementor-element elementor-element-46973cf elementor-widget elementor-widget-image\" data-id=\"46973cf\" data-element_type=\"widget\" data-e-type=\"widget\" data-widget_type=\"image.default\">\n\t\t\t\t<div class=\"elementor-widget-container\">\n\t\t\t\t\t\t\t\t\t\t\t\t\t\t\t<img loading=\"lazy\" decoding=\"async\" width=\"286\" height=\"382\" src=\"https:\/\/masklube.es\/wp-content\/uploads\/2023\/10\/Sunoco-7.jpg\" class=\"attachment-large size-large wp-image-73\" alt=\"\" srcset=\"https:\/\/masklube.es\/wp-content\/uploads\/2023\/10\/Sunoco-7.jpg 286w, https:\/\/masklube.es\/wp-content\/uploads\/2023\/10\/Sunoco-7-225x300.jpg 225w, https:\/\/masklube.es\/wp-content\/uploads\/2023\/10\/Sunoco-7-230x307.jpg 230w\" sizes=\"(max-width: 286px) 100vw, 286px\" \/>\t\t\t\t\t\t\t\t\t\t\t\t\t\t\t<\/div>\n\t\t\t\t<\/div>\n\t\t\t\t<\/div>\n\t\t<div class=\"elementor-element elementor-element-34b2ff3 e-con-full e-flex e-con e-child\" data-id=\"34b2ff3\" data-element_type=\"container\" data-e-type=\"container\">\n\t\t\t\t<div class=\"elementor-element elementor-element-eeb955d elementor-widget elementor-widget-image\" data-id=\"eeb955d\" data-element_type=\"widget\" data-e-type=\"widget\" data-widget_type=\"image.default\">\n\t\t\t\t<div class=\"elementor-widget-container\">\n\t\t\t\t\t\t\t\t\t\t\t\t\t\t\t<img loading=\"lazy\" decoding=\"async\" width=\"766\" height=\"1024\" src=\"https:\/\/masklube.es\/wp-content\/uploads\/2023\/10\/Sunoco-4-766x1024.jpg\" class=\"attachment-large size-large wp-image-74\" alt=\"\" srcset=\"https:\/\/masklube.es\/wp-content\/uploads\/2023\/10\/Sunoco-4-766x1024.jpg 766w, https:\/\/masklube.es\/wp-content\/uploads\/2023\/10\/Sunoco-4-225x300.jpg 225w, https:\/\/masklube.es\/wp-content\/uploads\/2023\/10\/Sunoco-4-768x1026.jpg 768w, https:\/\/masklube.es\/wp-content\/uploads\/2023\/10\/Sunoco-4-1150x1536.jpg 1150w, https:\/\/masklube.es\/wp-content\/uploads\/2023\/10\/Sunoco-4-1533x2048.jpg 1533w, https:\/\/masklube.es\/wp-content\/uploads\/2023\/10\/Sunoco-4-1000x1336.jpg 1000w, https:\/\/masklube.es\/wp-content\/uploads\/2023\/10\/Sunoco-4-230x307.jpg 230w, https:\/\/masklube.es\/wp-content\/uploads\/2023\/10\/Sunoco-4-350x468.jpg 350w, https:\/\/masklube.es\/wp-content\/uploads\/2023\/10\/Sunoco-4-480x641.jpg 480w, https:\/\/masklube.es\/wp-content\/uploads\/2023\/10\/Sunoco-4-scaled.jpg 1916w\" sizes=\"(max-width: 766px) 100vw, 766px\" \/>\t\t\t\t\t\t\t\t\t\t\t\t\t\t\t<\/div>\n\t\t\t\t<\/div>\n\t\t\t\t<\/div>\n\t\t<div class=\"elementor-element elementor-element-a725dd2 e-con-full e-flex e-con e-child\" data-id=\"a725dd2\" data-element_type=\"container\" data-e-type=\"container\">\n\t\t\t\t<div class=\"elementor-element elementor-element-30aa6e1 elementor-widget elementor-widget-image\" data-id=\"30aa6e1\" data-element_type=\"widget\" data-e-type=\"widget\" data-widget_type=\"image.default\">\n\t\t\t\t<div class=\"elementor-widget-container\">\n\t\t\t\t\t\t\t\t\t\t\t\t\t\t\t<img loading=\"lazy\" decoding=\"async\" width=\"766\" height=\"1024\" src=\"https:\/\/masklube.es\/wp-content\/uploads\/2023\/10\/Sunoco-8-766x1024.jpg\" class=\"attachment-large size-large wp-image-75\" alt=\"\" srcset=\"https:\/\/masklube.es\/wp-content\/uploads\/2023\/10\/Sunoco-8-766x1024.jpg 766w, https:\/\/masklube.es\/wp-content\/uploads\/2023\/10\/Sunoco-8-225x300.jpg 225w, https:\/\/masklube.es\/wp-content\/uploads\/2023\/10\/Sunoco-8-768x1026.jpg 768w, https:\/\/masklube.es\/wp-content\/uploads\/2023\/10\/Sunoco-8-1150x1536.jpg 1150w, https:\/\/masklube.es\/wp-content\/uploads\/2023\/10\/Sunoco-8-1533x2048.jpg 1533w, https:\/\/masklube.es\/wp-content\/uploads\/2023\/10\/Sunoco-8-1000x1336.jpg 1000w, https:\/\/masklube.es\/wp-content\/uploads\/2023\/10\/Sunoco-8-230x307.jpg 230w, https:\/\/masklube.es\/wp-content\/uploads\/2023\/10\/Sunoco-8-350x468.jpg 350w, https:\/\/masklube.es\/wp-content\/uploads\/2023\/10\/Sunoco-8-480x641.jpg 480w, https:\/\/masklube.es\/wp-content\/uploads\/2023\/10\/Sunoco-8-scaled.jpg 1916w\" sizes=\"(max-width: 766px) 100vw, 766px\" \/>\t\t\t\t\t\t\t\t\t\t\t\t\t\t\t<\/div>\n\t\t\t\t<\/div>\n\t\t\t\t<\/div>\n\t\t\t\t\t<\/div>\n\t\t\t\t<\/div>\n\t\t<div class=\"elementor-element elementor-element-6d8a1dd e-flex e-con-boxed e-con e-parent\" data-id=\"6d8a1dd\" data-element_type=\"container\" data-e-type=\"container\">\n\t\t\t\t\t<div class=\"e-con-inner\">\n\t\t<div class=\"elementor-element elementor-element-63bd297 e-con-full e-flex e-con e-child\" data-id=\"63bd297\" data-element_type=\"container\" data-e-type=\"container\">\n\t\t\t\t<div class=\"elementor-element elementor-element-88c4fde elementor-widget elementor-widget-image\" data-id=\"88c4fde\" data-element_type=\"widget\" data-e-type=\"widget\" data-widget_type=\"image.default\">\n\t\t\t\t<div class=\"elementor-widget-container\">\n\t\t\t\t\t\t\t\t\t\t\t\t\t\t\t<img loading=\"lazy\" decoding=\"async\" width=\"321\" height=\"436\" src=\"https:\/\/masklube.es\/wp-content\/uploads\/2023\/10\/Sunoco-9.jpg\" class=\"attachment-large size-large wp-image-76\" alt=\"\" srcset=\"https:\/\/masklube.es\/wp-content\/uploads\/2023\/10\/Sunoco-9.jpg 321w, https:\/\/masklube.es\/wp-content\/uploads\/2023\/10\/Sunoco-9-221x300.jpg 221w, https:\/\/masklube.es\/wp-content\/uploads\/2023\/10\/Sunoco-9-230x312.jpg 230w\" sizes=\"(max-width: 321px) 100vw, 321px\" \/>\t\t\t\t\t\t\t\t\t\t\t\t\t\t\t<\/div>\n\t\t\t\t<\/div>\n\t\t\t\t<\/div>\n\t\t<div class=\"elementor-element elementor-element-56ecb2b e-con-full e-flex e-con e-child\" data-id=\"56ecb2b\" data-element_type=\"container\" data-e-type=\"container\">\n\t\t\t\t<div class=\"elementor-element elementor-element-ac4155f elementor-widget__width-initial elementor-widget elementor-widget-text-editor\" data-id=\"ac4155f\" data-element_type=\"widget\" data-e-type=\"widget\" data-widget_type=\"text-editor.default\">\n\t\t\t\t<div class=\"elementor-widget-container\">\n\t\t\t\t\t\t\t\t\t<h6>Los aceites de motor son una excelente protecci\u00f3n contra el \u00f3xido y la corrosi\u00f3n.<\/h6><h6>Saber elegir un buen aceite es la clave para prolongar la vida del motor:<\/h6><ol><li><h6>Utiliza siempre aceite de calidad reconocida.<\/h6><\/li><li><h6>Respeta el kilometraje de los cambios.<\/h6><\/li><li><h6>No utilices aceites gen\u00e9ricos, elige el recomendado por el fabricante, seg\u00fan las especificaciones t\u00e9cnicas y homologaciones de su veh\u00edculo.<\/h6><\/li><\/ol><div><span style=\"color: #00102e;\"><span style=\"font-size: 18px;\"><b>Sea cual sea tu veh\u00edculo, tenemos el aceite perfecto para t\u00ed.<\/b><\/span><\/span><\/div><h6>\u00a0<\/h6>\t\t\t\t\t\t\t\t<\/div>\n\t\t\t\t<\/div>\n\t\t\t\t<\/div>\n\t\t<div class=\"elementor-element elementor-element-f0cd718 e-con-full e-flex e-con e-child\" data-id=\"f0cd718\" data-element_type=\"container\" data-e-type=\"container\">\n\t\t\t\t<div class=\"elementor-element elementor-element-09fe833 elementor-widget elementor-widget-image\" data-id=\"09fe833\" data-element_type=\"widget\" data-e-type=\"widget\" data-widget_type=\"image.default\">\n\t\t\t\t<div class=\"elementor-widget-container\">\n\t\t\t\t\t\t\t\t\t\t\t\t\t\t\t<img loading=\"lazy\" decoding=\"async\" width=\"321\" height=\"436\" src=\"https:\/\/masklube.es\/wp-content\/uploads\/2023\/10\/Sunoco-9.jpg\" class=\"attachment-large size-large wp-image-76\" alt=\"\" srcset=\"https:\/\/masklube.es\/wp-content\/uploads\/2023\/10\/Sunoco-9.jpg 321w, https:\/\/masklube.es\/wp-content\/uploads\/2023\/10\/Sunoco-9-221x300.jpg 221w, https:\/\/masklube.es\/wp-content\/uploads\/2023\/10\/Sunoco-9-230x312.jpg 230w\" sizes=\"(max-width: 321px) 100vw, 321px\" \/>\t\t\t\t\t\t\t\t\t\t\t\t\t\t\t<\/div>\n\t\t\t\t<\/div>\n\t\t\t\t<\/div>\n\t\t\t\t\t<\/div>\n\t\t\t\t<\/div>\n\t\t\t\t<\/div>\n\t\t","protected":false},"excerpt":{"rendered":"<p>Disponemos de toda la gama de lubricantes Q8 oils para tus veh\u00edculos, ya sean ligeros, pesados, maquinaria agr\u00edcola y vial.\u00a0\u00a0 Ante cualquier [&hellip;]<\/p>\n","protected":false},"author":1,"featured_media":0,"parent":0,"menu_order":0,"comment_status":"closed","ping_status":"closed","template":"","meta":{"footnotes":""},"class_list":["post-191","page","type-page","status-publish","hentry"],"_links":{"self":[{"href":"https:\/\/masklube.es\/index.php\/wp-json\/wp\/v2\/pages\/191","targetHints":{"allow":["GET"]}}],"collection":[{"href":"https:\/\/masklube.es\/index.php\/wp-json\/wp\/v2\/pages"}],"about":[{"href":"https:\/\/masklube.es\/index.php\/wp-json\/wp\/v2\/types\/page"}],"author":[{"embeddable":true,"href":"https:\/\/masklube.es\/index.php\/wp-json\/wp\/v2\/users\/1"}],"replies":[{"embeddable":true,"href":"https:\/\/masklube.es\/index.php\/wp-json\/wp\/v2\/comments?post=191"}],"version-history":[{"count":45,"href":"https:\/\/masklube.es\/index.php\/wp-json\/wp\/v2\/pages\/191\/revisions"}],"predecessor-version":[{"id":236,"href":"https:\/\/masklube.es\/index.php\/wp-json\/wp\/v2\/pages\/191\/revisions\/236"}],"wp:attachment":[{"href":"https:\/\/masklube.es\/index.php\/wp-json\/wp\/v2\/media?parent=191"}],"curies":[{"name":"wp","href":"https:\/\/api.w.org\/{rel}","templated":true}]}}