{"id":184,"date":"2023-11-03T13:43:17","date_gmt":"2023-11-03T13:43:17","guid":{"rendered":"http:\/\/masklube.es\/?page_id=184"},"modified":"2023-11-07T11:28:02","modified_gmt":"2023-11-07T11:28:02","slug":"destacados","status":"publish","type":"page","link":"https:\/\/masklube.es\/index.php\/destacados\/","title":{"rendered":"Destacados"},"content":{"rendered":"\t\t<div data-elementor-type=\"wp-page\" data-elementor-id=\"184\" class=\"elementor elementor-184\">\n\t\t\t\t<div class=\"elementor-element elementor-element-bf0bbee e-flex e-con-boxed e-con e-parent\" data-id=\"bf0bbee\" data-element_type=\"container\" data-e-type=\"container\">\n\t\t\t\t\t<div class=\"e-con-inner\">\n\t\t<div class=\"elementor-element elementor-element-8275e87 e-con-full e-flex e-con e-child\" data-id=\"8275e87\" data-element_type=\"container\" data-e-type=\"container\">\n\t\t\t\t<div class=\"elementor-element elementor-element-46255ea elementor-widget elementor-widget-text-editor\" data-id=\"46255ea\" data-element_type=\"widget\" data-e-type=\"widget\" data-widget_type=\"text-editor.default\">\n\t\t\t\t<div class=\"elementor-widget-container\">\n\t\t\t\t\t\t\t\t\t<h3 style=\"text-align: left;\">\u00a0 \u00a0Whale Spray WS 9000<\/h3><ul><li><h6>Es una cinta de fibra reforzada con poliuretano, dise\u00f1ada para la reparaci\u00f3n r\u00e1pida en fugas de l\u00edquidos en todo tipo de industrias y un sinf\u00edn de aplicaciones.<\/h6><\/li><li><h6>Es r\u00e1pida y f\u00e1cil de usar.<\/h6><\/li><li><h6>Las reparaciones est\u00e1n listas en menos de 30 minutos, asimismo, puede utilizarse en reparaciones de emergencia por rotura en todo tipo de herramientas.<\/h6><\/li><li><h6>Certificado por Wras (Water Regulations Advisory Scheme) para su uso seguro en agua potable. Approval number: 2105515<\/h6><\/li><\/ul>\t\t\t\t\t\t\t\t<\/div>\n\t\t\t\t<\/div>\n\t\t\t\t<\/div>\n\t\t<div class=\"elementor-element elementor-element-5aa47ac e-con-full e-flex e-con e-child\" data-id=\"5aa47ac\" data-element_type=\"container\" data-e-type=\"container\">\n\t\t\t\t<div class=\"elementor-element elementor-element-e6b56d5 elementor-widget elementor-widget-image\" data-id=\"e6b56d5\" data-element_type=\"widget\" data-e-type=\"widget\" data-widget_type=\"image.default\">\n\t\t\t\t<div class=\"elementor-widget-container\">\n\t\t\t\t\t\t\t\t\t\t\t\t\t\t\t<img fetchpriority=\"high\" decoding=\"async\" width=\"1000\" height=\"1000\" src=\"https:\/\/masklube.es\/wp-content\/uploads\/2023\/11\/Whale-4.jpg\" class=\"attachment-large size-large wp-image-185\" alt=\"\" srcset=\"https:\/\/masklube.es\/wp-content\/uploads\/2023\/11\/Whale-4.jpg 1000w, https:\/\/masklube.es\/wp-content\/uploads\/2023\/11\/Whale-4-300x300.jpg 300w, https:\/\/masklube.es\/wp-content\/uploads\/2023\/11\/Whale-4-150x150.jpg 150w, https:\/\/masklube.es\/wp-content\/uploads\/2023\/11\/Whale-4-768x768.jpg 768w, https:\/\/masklube.es\/wp-content\/uploads\/2023\/11\/Whale-4-230x230.jpg 230w, https:\/\/masklube.es\/wp-content\/uploads\/2023\/11\/Whale-4-350x350.jpg 350w, https:\/\/masklube.es\/wp-content\/uploads\/2023\/11\/Whale-4-480x480.jpg 480w\" sizes=\"(max-width: 1000px) 100vw, 1000px\" \/>\t\t\t\t\t\t\t\t\t\t\t\t\t\t\t<\/div>\n\t\t\t\t<\/div>\n\t\t\t\t<\/div>\n\t\t\t\t\t<\/div>\n\t\t\t\t<\/div>\n\t\t<div class=\"elementor-element elementor-element-d078196 e-flex e-con-boxed e-con e-parent\" data-id=\"d078196\" data-element_type=\"container\" data-e-type=\"container\">\n\t\t\t\t\t<div class=\"e-con-inner\">\n\t\t\t\t<div class=\"elementor-element elementor-element-e92dfd0 elementor-widget elementor-widget-text-editor\" data-id=\"e92dfd0\" data-element_type=\"widget\" data-e-type=\"widget\" data-widget_type=\"text-editor.default\">\n\t\t\t\t<div class=\"elementor-widget-container\">\n\t\t\t\t\t\t\t\t\t<h3>Caracter\u00edsticas y ventajas de la WS 9000<\/h3><ul><li><h6>Resiste temperaturas de -45\u00baC a 305\u00baC, una vez curada.<\/h6><\/li><li><h6>Resiste hasta 30 bar de presi\u00f3n.<\/h6><\/li><li><h6>Excelente adherencia a la mayor\u00eda de las superficies, metales, pl\u00e1sticos, PVC, hormig\u00f3n, cristal, madera&#8230;etc.<\/h6><\/li><li><h6>Buena adaptaci\u00f3n y flexibilidad en \u00e1reas complejas como curvas y codos.<\/h6><\/li><li><h6>Puede mecanizarse y pintar.<\/h6><\/li><li><h6>Es resistente a la mayor\u00eda de productos qu\u00edmicos agresivos, acetona, amonios, \u00e1cido sulf\u00farico al 30%. alcohol et\u00edlico, while spiit, gasolina, metil etil ketona, tolueno, gasoil, \u00e1cido hidro clorh\u00eddrico, varsol, etilenglicol, petr\u00f3leo, aceites de lubricantes&#8230;etc.<\/h6><\/li><li><h6>Extraordinariamente \u00fatil para reparaciones de tuber\u00edas en que fluidos o vapores son inflamables y no se puede utilizar soldadura o herramientas que provoquen chispa.<\/h6><\/li><li><h6>Lista para aplicar en 30 segundos y fraguado en menos de 30 minutos.<\/h6><\/li><\/ul><p>\u00a0<\/p>\t\t\t\t\t\t\t\t<\/div>\n\t\t\t\t<\/div>\n\t\t\t\t\t<\/div>\n\t\t\t\t<\/div>\n\t\t<div class=\"elementor-element elementor-element-f14b353 e-flex e-con-boxed e-con e-parent\" data-id=\"f14b353\" data-element_type=\"container\" data-e-type=\"container\">\n\t\t\t\t\t<div class=\"e-con-inner\">\n\t\t<div class=\"elementor-element elementor-element-9032850 e-con-full e-flex e-con e-child\" data-id=\"9032850\" data-element_type=\"container\" data-e-type=\"container\">\n\t\t\t\t<div class=\"elementor-element elementor-element-a219552 elementor-widget elementor-widget-text-editor\" data-id=\"a219552\" data-element_type=\"widget\" data-e-type=\"widget\" data-widget_type=\"text-editor.default\">\n\t\t\t\t<div class=\"elementor-widget-container\">\n\t\t\t\t\t\t\t\t\t<h4 style=\"text-align: center;\">Referencia<\/h4><h6 style=\"text-align: center;\">WS 9000 XS<\/h6><h6 style=\"text-align: center;\">WS 9000 M<\/h6><h6 style=\"text-align: center;\">WS 9000 L<\/h6><h6 style=\"text-align: center;\">WS 9000 XL<\/h6>\t\t\t\t\t\t\t\t<\/div>\n\t\t\t\t<\/div>\n\t\t\t\t<\/div>\n\t\t<div class=\"elementor-element elementor-element-7d6cc83 e-con-full e-flex e-con e-child\" data-id=\"7d6cc83\" data-element_type=\"container\" data-e-type=\"container\">\n\t\t\t\t<div class=\"elementor-element elementor-element-8029c7d elementor-widget elementor-widget-text-editor\" data-id=\"8029c7d\" data-element_type=\"widget\" data-e-type=\"widget\" data-widget_type=\"text-editor.default\">\n\t\t\t\t<div class=\"elementor-widget-container\">\n\t\t\t\t\t\t\t\t\t<h4 style=\"text-align: center;\">Tama\u00f1o de la cinta mm<\/h4><h6 style=\"text-align: center;\">50&#215;1800<\/h6><h6 style=\"text-align: center;\">75&#215;2700<\/h6><h6 style=\"text-align: center;\">100&#215;3600<\/h6><h6 style=\"text-align: center;\">150&#215;5000<\/h6>\t\t\t\t\t\t\t\t<\/div>\n\t\t\t\t<\/div>\n\t\t\t\t<\/div>\n\t\t<div class=\"elementor-element elementor-element-6083991 e-con-full e-flex e-con e-child\" data-id=\"6083991\" data-element_type=\"container\" data-e-type=\"container\">\n\t\t\t\t<div class=\"elementor-element elementor-element-54bfc01 elementor-widget elementor-widget-text-editor\" data-id=\"54bfc01\" data-element_type=\"widget\" data-e-type=\"widget\" data-widget_type=\"text-editor.default\">\n\t\t\t\t<div class=\"elementor-widget-container\">\n\t\t\t\t\t\t\t\t\t<h4 style=\"text-align: center;\">Di\u00e1metro tuber\u00eda\u00a0<\/h4><h6 style=\"text-align: center;\">50 mm<\/h6><h6 style=\"text-align: center;\">100 mm<\/h6><h6 style=\"text-align: center;\">140 mm<\/h6><h6 style=\"text-align: center;\">200 mm*<\/h6>\t\t\t\t\t\t\t\t<\/div>\n\t\t\t\t<\/div>\n\t\t\t\t<\/div>\n\t\t\t\t\t<\/div>\n\t\t\t\t<\/div>\n\t\t<div class=\"elementor-element elementor-element-6b572f1 e-flex e-con-boxed e-con e-parent\" data-id=\"6b572f1\" data-element_type=\"container\" data-e-type=\"container\">\n\t\t\t\t\t<div class=\"e-con-inner\">\n\t\t\t\t<div class=\"elementor-element elementor-element-521bdec elementor-widget elementor-widget-text-editor\" data-id=\"521bdec\" data-element_type=\"widget\" data-e-type=\"widget\" data-widget_type=\"text-editor.default\">\n\t\t\t\t<div class=\"elementor-widget-container\">\n\t\t\t\t\t\t\t\t\t<h6 style=\"text-align: left;\">NOTA*: Di\u00e1metros superiores pueden repararse, todas las cintas pueden empalmarse en la misma reparaci\u00f3n, sin l\u00edmite.<\/h6>\t\t\t\t\t\t\t\t<\/div>\n\t\t\t\t<\/div>\n\t\t\t\t\t<\/div>\n\t\t\t\t<\/div>\n\t\t\t\t<\/div>\n\t\t","protected":false},"excerpt":{"rendered":"<p>\u00a0 \u00a0Whale Spray WS 9000 Es una cinta de fibra reforzada con poliuretano, dise\u00f1ada para la reparaci\u00f3n r\u00e1pida en fugas de l\u00edquidos [&hellip;]<\/p>\n","protected":false},"author":1,"featured_media":0,"parent":0,"menu_order":0,"comment_status":"closed","ping_status":"closed","template":"","meta":{"footnotes":""},"class_list":["post-184","page","type-page","status-publish","hentry"],"_links":{"self":[{"href":"https:\/\/masklube.es\/index.php\/wp-json\/wp\/v2\/pages\/184","targetHints":{"allow":["GET"]}}],"collection":[{"href":"https:\/\/masklube.es\/index.php\/wp-json\/wp\/v2\/pages"}],"about":[{"href":"https:\/\/masklube.es\/index.php\/wp-json\/wp\/v2\/types\/page"}],"author":[{"embeddable":true,"href":"https:\/\/masklube.es\/index.php\/wp-json\/wp\/v2\/users\/1"}],"replies":[{"embeddable":true,"href":"https:\/\/masklube.es\/index.php\/wp-json\/wp\/v2\/comments?post=184"}],"version-history":[{"count":3,"href":"https:\/\/masklube.es\/index.php\/wp-json\/wp\/v2\/pages\/184\/revisions"}],"predecessor-version":[{"id":188,"href":"https:\/\/masklube.es\/index.php\/wp-json\/wp\/v2\/pages\/184\/revisions\/188"}],"wp:attachment":[{"href":"https:\/\/masklube.es\/index.php\/wp-json\/wp\/v2\/media?parent=184"}],"curies":[{"name":"wp","href":"https:\/\/api.w.org\/{rel}","templated":true}]}}