{"id":16,"date":"2023-09-27T07:49:10","date_gmt":"2023-09-27T07:49:10","guid":{"rendered":"http:\/\/masklube.es\/?page_id=16"},"modified":"2024-02-06T09:49:53","modified_gmt":"2024-02-06T09:49:53","slug":"inicio","status":"publish","type":"page","link":"https:\/\/masklube.es\/","title":{"rendered":"Inicio"},"content":{"rendered":"\t\t<div data-elementor-type=\"wp-page\" data-elementor-id=\"16\" class=\"elementor elementor-16\">\n\t\t\t\t<div class=\"elementor-element elementor-element-791ef48 e-flex e-con-boxed e-con e-parent\" data-id=\"791ef48\" data-element_type=\"container\" data-e-type=\"container\">\n\t\t\t\t\t<div class=\"e-con-inner\">\n\t\t\t\t<div class=\"elementor-element elementor-element-8576a18 elementor-widget elementor-widget-heading\" data-id=\"8576a18\" data-element_type=\"widget\" data-e-type=\"widget\" data-widget_type=\"heading.default\">\n\t\t\t\t<div class=\"elementor-widget-container\">\n\t\t\t\t\t<h2 class=\"elementor-heading-title elementor-size-default\">El mejor funcionamiento y durabilidad de tu veh\u00edculo es nuestra \u00fanica meta.<\/h2>\t\t\t\t<\/div>\n\t\t\t\t<\/div>\n\t\t\t\t\t<\/div>\n\t\t\t\t<\/div>\n\t\t<div class=\"elementor-element elementor-element-ea1c50d e-flex e-con-boxed e-con e-parent\" data-id=\"ea1c50d\" data-element_type=\"container\" data-e-type=\"container\">\n\t\t\t\t\t<div class=\"e-con-inner\">\n\t\t\t\t<div class=\"elementor-element elementor-element-e587736 elementor-widget elementor-widget-text-editor\" data-id=\"e587736\" data-element_type=\"widget\" data-e-type=\"widget\" data-widget_type=\"text-editor.default\">\n\t\t\t\t<div class=\"elementor-widget-container\">\n\t\t\t\t\t\t\t\t\t<p>P\u00e1gina en construcci\u00f3n.<\/p>\t\t\t\t\t\t\t\t<\/div>\n\t\t\t\t<\/div>\n\t\t\t\t\t<\/div>\n\t\t\t\t<\/div>\n\t\t<div class=\"elementor-element elementor-element-2d8fb89 e-flex e-con-boxed e-con e-parent\" data-id=\"2d8fb89\" data-element_type=\"container\" data-e-type=\"container\">\n\t\t\t\t\t<div class=\"e-con-inner\">\n\t\t<div class=\"elementor-element elementor-element-2ac09fc e-con-full e-flex e-con e-child\" data-id=\"2ac09fc\" data-element_type=\"container\" data-e-type=\"container\">\n\t\t\t\t<div class=\"elementor-element elementor-element-137c7d8 elementor-widget__width-initial elementor-widget elementor-widget-image\" data-id=\"137c7d8\" data-element_type=\"widget\" data-e-type=\"widget\" data-widget_type=\"image.default\">\n\t\t\t\t<div class=\"elementor-widget-container\">\n\t\t\t\t\t\t\t\t\t\t\t\t\t\t\t\t<a href=\"https:\/\/www.rodacastalia.es\/\">\n\t\t\t\t\t\t\t<img fetchpriority=\"high\" decoding=\"async\" width=\"1024\" height=\"158\" src=\"https:\/\/masklube.es\/wp-content\/uploads\/2023\/09\/LOGO_MASKLUBE-1300X200-Y-1024x158.jpg\" class=\"attachment-large size-large wp-image-11\" alt=\"\" srcset=\"https:\/\/masklube.es\/wp-content\/uploads\/2023\/09\/LOGO_MASKLUBE-1300X200-Y-1024x158.jpg 1024w, https:\/\/masklube.es\/wp-content\/uploads\/2023\/09\/LOGO_MASKLUBE-1300X200-Y-300x46.jpg 300w, https:\/\/masklube.es\/wp-content\/uploads\/2023\/09\/LOGO_MASKLUBE-1300X200-Y-768x118.jpg 768w, https:\/\/masklube.es\/wp-content\/uploads\/2023\/09\/LOGO_MASKLUBE-1300X200-Y-1000x154.jpg 1000w, https:\/\/masklube.es\/wp-content\/uploads\/2023\/09\/LOGO_MASKLUBE-1300X200-Y-230x35.jpg 230w, https:\/\/masklube.es\/wp-content\/uploads\/2023\/09\/LOGO_MASKLUBE-1300X200-Y-350x54.jpg 350w, https:\/\/masklube.es\/wp-content\/uploads\/2023\/09\/LOGO_MASKLUBE-1300X200-Y-480x74.jpg 480w, https:\/\/masklube.es\/wp-content\/uploads\/2023\/09\/LOGO_MASKLUBE-1300X200-Y.jpg 1300w\" sizes=\"(max-width: 1024px) 100vw, 1024px\" \/>\t\t\t\t\t\t\t\t<\/a>\n\t\t\t\t\t\t\t\t\t\t\t\t\t\t\t<\/div>\n\t\t\t\t<\/div>\n\t\t\t\t<\/div>\n\t\t<div class=\"elementor-element elementor-element-5e45f8b e-con-full e-flex e-con e-child\" data-id=\"5e45f8b\" data-element_type=\"container\" data-e-type=\"container\">\n\t\t\t\t<div class=\"elementor-element elementor-element-15e902c elementor-widget elementor-widget-text-editor\" data-id=\"15e902c\" data-element_type=\"widget\" data-e-type=\"widget\" data-widget_type=\"text-editor.default\">\n\t\t\t\t<div class=\"elementor-widget-container\">\n\t\t\t\t\t\t\t\t\t<h6>Somos una empresa de Vila-real (Castell\u00f3n) dedicada a la venta de lubricantes para motor, tanto de veh\u00edculos ligeros como pesados, siendo Q8oils y Sunoco nuestras marcas.<\/h6>\t\t\t\t\t\t\t\t<\/div>\n\t\t\t\t<\/div>\n\t\t\t\t<\/div>\n\t\t\t\t\t<\/div>\n\t\t\t\t<\/div>\n\t\t<div class=\"elementor-element elementor-element-59ae236 e-flex e-con-boxed e-con e-parent\" data-id=\"59ae236\" data-element_type=\"container\" data-e-type=\"container\">\n\t\t\t\t\t<div class=\"e-con-inner\">\n\t\t<div class=\"elementor-element elementor-element-42bb192 e-con-full e-flex e-con e-child\" data-id=\"42bb192\" data-element_type=\"container\" data-e-type=\"container\">\n\t\t\t\t<div class=\"elementor-element elementor-element-f10aee3 elementor-widget elementor-widget-text-editor\" data-id=\"f10aee3\" data-element_type=\"widget\" data-e-type=\"widget\" data-widget_type=\"text-editor.default\">\n\t\t\t\t<div class=\"elementor-widget-container\">\n\t\t\t\t\t\t\t\t\t<h6>\u00a0<\/h6><h6>Q8 es una de las mayores petroleras del mundo, propiedad del estado de Kuwait. La fabricaci\u00f3n de sus productos es propia siendo sus productos de alt\u00edsima calidad a un precio muy competitivo.<\/h6>\t\t\t\t\t\t\t\t<\/div>\n\t\t\t\t<\/div>\n\t\t\t\t<\/div>\n\t\t<div class=\"elementor-element elementor-element-fb5bffc e-con-full e-flex e-con e-child\" data-id=\"fb5bffc\" data-element_type=\"container\" data-e-type=\"container\">\n\t\t\t\t<div class=\"elementor-element elementor-element-957d119 elementor-widget elementor-widget-image\" data-id=\"957d119\" data-element_type=\"widget\" data-e-type=\"widget\" data-widget_type=\"image.default\">\n\t\t\t\t<div class=\"elementor-widget-container\">\n\t\t\t\t\t\t\t\t\t\t\t\t\t\t\t<img decoding=\"async\" width=\"338\" height=\"160\" src=\"https:\/\/masklube.es\/wp-content\/uploads\/2023\/10\/logo-Q8.png\" class=\"attachment-large size-large wp-image-41\" alt=\"\" srcset=\"https:\/\/masklube.es\/wp-content\/uploads\/2023\/10\/logo-Q8.png 338w, https:\/\/masklube.es\/wp-content\/uploads\/2023\/10\/logo-Q8-300x142.png 300w, https:\/\/masklube.es\/wp-content\/uploads\/2023\/10\/logo-Q8-230x109.png 230w\" sizes=\"(max-width: 338px) 100vw, 338px\" \/>\t\t\t\t\t\t\t\t\t\t\t\t\t\t\t<\/div>\n\t\t\t\t<\/div>\n\t\t\t\t<\/div>\n\t\t\t\t\t<\/div>\n\t\t\t\t<\/div>\n\t\t<div class=\"elementor-element elementor-element-9f32ed5 e-flex e-con-boxed e-con e-parent\" data-id=\"9f32ed5\" data-element_type=\"container\" data-e-type=\"container\">\n\t\t\t\t\t<div class=\"e-con-inner\">\n\t\t<div class=\"elementor-element elementor-element-e018cad e-con-full e-flex e-con e-child\" data-id=\"e018cad\" data-element_type=\"container\" data-e-type=\"container\">\n\t\t\t\t<div class=\"elementor-element elementor-element-1c5731f elementor-widget__width-initial elementor-widget elementor-widget-image\" data-id=\"1c5731f\" data-element_type=\"widget\" data-e-type=\"widget\" data-widget_type=\"image.default\">\n\t\t\t\t<div class=\"elementor-widget-container\">\n\t\t\t\t\t\t\t\t\t\t\t\t\t\t\t<img decoding=\"async\" width=\"300\" height=\"188\" src=\"https:\/\/masklube.es\/wp-content\/uploads\/2023\/10\/Sunoco-Logo-300x188.png\" class=\"attachment-medium size-medium wp-image-42\" alt=\"\" srcset=\"https:\/\/masklube.es\/wp-content\/uploads\/2023\/10\/Sunoco-Logo-300x188.png 300w, https:\/\/masklube.es\/wp-content\/uploads\/2023\/10\/Sunoco-Logo-1024x640.png 1024w, https:\/\/masklube.es\/wp-content\/uploads\/2023\/10\/Sunoco-Logo-768x480.png 768w, https:\/\/masklube.es\/wp-content\/uploads\/2023\/10\/Sunoco-Logo-1536x960.png 1536w, https:\/\/masklube.es\/wp-content\/uploads\/2023\/10\/Sunoco-Logo-1000x625.png 1000w, https:\/\/masklube.es\/wp-content\/uploads\/2023\/10\/Sunoco-Logo-230x144.png 230w, https:\/\/masklube.es\/wp-content\/uploads\/2023\/10\/Sunoco-Logo-350x219.png 350w, https:\/\/masklube.es\/wp-content\/uploads\/2023\/10\/Sunoco-Logo-480x300.png 480w, https:\/\/masklube.es\/wp-content\/uploads\/2023\/10\/Sunoco-Logo.png 1600w\" sizes=\"(max-width: 300px) 100vw, 300px\" \/>\t\t\t\t\t\t\t\t\t\t\t\t\t\t\t<\/div>\n\t\t\t\t<\/div>\n\t\t\t\t<\/div>\n\t\t<div class=\"elementor-element elementor-element-874695f e-con-full e-flex e-con e-child\" data-id=\"874695f\" data-element_type=\"container\" data-e-type=\"container\">\n\t\t\t\t<div class=\"elementor-element elementor-element-d96fc33 elementor-widget elementor-widget-text-editor\" data-id=\"d96fc33\" data-element_type=\"widget\" data-e-type=\"widget\" data-widget_type=\"text-editor.default\">\n\t\t\t\t<div class=\"elementor-widget-container\">\n\t\t\t\t\t\t\t\t\t<h6>\u00a0<\/h6><h6>Sunoco es una petrolera de EEUU fundada en 1886 que poco a poco se ha convertido en una de las multinacionales mas grande del mundo, siendo el proveedor oficial de la NASCAR.<\/h6>\t\t\t\t\t\t\t\t<\/div>\n\t\t\t\t<\/div>\n\t\t\t\t<\/div>\n\t\t\t\t\t<\/div>\n\t\t\t\t<\/div>\n\t\t<div class=\"elementor-element elementor-element-ffdfef9 e-flex e-con-boxed e-con e-parent\" data-id=\"ffdfef9\" data-element_type=\"container\" data-e-type=\"container\">\n\t\t\t\t\t<div class=\"e-con-inner\">\n\t\t<div class=\"elementor-element elementor-element-14f5259 e-con-full e-flex e-con e-child\" data-id=\"14f5259\" data-element_type=\"container\" data-e-type=\"container\">\n\t\t\t\t<div class=\"elementor-element elementor-element-af15f96 elementor-widget elementor-widget-text-editor\" data-id=\"af15f96\" data-element_type=\"widget\" data-e-type=\"widget\" data-widget_type=\"text-editor.default\">\n\t\t\t\t<div class=\"elementor-widget-container\">\n\t\t\t\t\t\t\t\t\t<h6>\u00a0<\/h6><h6>Ravenol es la marca de Ravensberger, fundada en 1946 en la peque\u00f1a ciudad de Werther, en Westfalia (Alemania). Actualmente es &#8220;Proveedor Oficial&#8221; en el Programa de Carreras para Clientes de Mercedes &#8211; AMG Motorsport.<\/h6>\t\t\t\t\t\t\t\t<\/div>\n\t\t\t\t<\/div>\n\t\t\t\t<\/div>\n\t\t<div class=\"elementor-element elementor-element-2864798 e-con-full e-flex e-con e-child\" data-id=\"2864798\" data-element_type=\"container\" data-e-type=\"container\">\n\t\t\t\t<div class=\"elementor-element elementor-element-057d587 elementor-widget elementor-widget-image\" data-id=\"057d587\" data-element_type=\"widget\" data-e-type=\"widget\" data-widget_type=\"image.default\">\n\t\t\t\t<div class=\"elementor-widget-container\">\n\t\t\t\t\t\t\t\t\t\t\t\t\t\t\t<img loading=\"lazy\" decoding=\"async\" width=\"315\" height=\"160\" src=\"https:\/\/masklube.es\/wp-content\/uploads\/2024\/02\/Logo-Ravenol.jpg\" class=\"attachment-large size-large wp-image-239\" alt=\"\" srcset=\"https:\/\/masklube.es\/wp-content\/uploads\/2024\/02\/Logo-Ravenol.jpg 315w, https:\/\/masklube.es\/wp-content\/uploads\/2024\/02\/Logo-Ravenol-300x152.jpg 300w, https:\/\/masklube.es\/wp-content\/uploads\/2024\/02\/Logo-Ravenol-230x117.jpg 230w\" sizes=\"(max-width: 315px) 100vw, 315px\" \/>\t\t\t\t\t\t\t\t\t\t\t\t\t\t\t<\/div>\n\t\t\t\t<\/div>\n\t\t\t\t<\/div>\n\t\t\t\t\t<\/div>\n\t\t\t\t<\/div>\n\t\t\t\t<\/div>\n\t\t","protected":false},"excerpt":{"rendered":"<p>El mejor funcionamiento y durabilidad de tu veh\u00edculo es nuestra \u00fanica meta. P\u00e1gina en construcci\u00f3n. Somos una empresa de Vila-real (Castell\u00f3n) dedicada [&hellip;]<\/p>\n","protected":false},"author":1,"featured_media":0,"parent":0,"menu_order":0,"comment_status":"closed","ping_status":"closed","template":"","meta":{"footnotes":""},"class_list":["post-16","page","type-page","status-publish","hentry"],"_links":{"self":[{"href":"https:\/\/masklube.es\/index.php\/wp-json\/wp\/v2\/pages\/16","targetHints":{"allow":["GET"]}}],"collection":[{"href":"https:\/\/masklube.es\/index.php\/wp-json\/wp\/v2\/pages"}],"about":[{"href":"https:\/\/masklube.es\/index.php\/wp-json\/wp\/v2\/types\/page"}],"author":[{"embeddable":true,"href":"https:\/\/masklube.es\/index.php\/wp-json\/wp\/v2\/users\/1"}],"replies":[{"embeddable":true,"href":"https:\/\/masklube.es\/index.php\/wp-json\/wp\/v2\/comments?post=16"}],"version-history":[{"count":23,"href":"https:\/\/masklube.es\/index.php\/wp-json\/wp\/v2\/pages\/16\/revisions"}],"predecessor-version":[{"id":252,"href":"https:\/\/masklube.es\/index.php\/wp-json\/wp\/v2\/pages\/16\/revisions\/252"}],"wp:attachment":[{"href":"https:\/\/masklube.es\/index.php\/wp-json\/wp\/v2\/media?parent=16"}],"curies":[{"name":"wp","href":"https:\/\/api.w.org\/{rel}","templated":true}]}}